{"id":24,"date":"2025-02-22T14:34:22","date_gmt":"2025-02-22T14:34:22","guid":{"rendered":"https:\/\/themissbehave.newkings.nl\/about-us\/"},"modified":"2026-04-03T22:11:00","modified_gmt":"2026-04-03T22:11:00","slug":"about","status":"publish","type":"page","link":"https:\/\/themissbehave.com\/nl\/about\/","title":{"rendered":"Over"},"content":{"rendered":"<div data-elementor-type=\"wp-page\" data-elementor-id=\"24\" class=\"elementor elementor-24\">\n\t\t\t\t<div class=\"elementor-element elementor-element-a1678e6 e-con-full e-flex sc_layouts_column_icons_position_left e-con e-parent\" data-id=\"a1678e6\" data-element_type=\"container\" data-settings=\"{&quot;background_background&quot;:&quot;classic&quot;}\">\n\t\t<div class=\"elementor-element elementor-element-d9911bd e-con-full e-flex sc_layouts_column_icons_position_left e-con e-child\" data-id=\"d9911bd\" data-element_type=\"container\">\n\t\t<div class=\"elementor-element elementor-element-885118e e-con-full e-flex sc_layouts_column_icons_position_left e-con e-child\" data-id=\"885118e\" data-element_type=\"container\">\n\t\t\t\t<div class=\"elementor-element elementor-element-6622c0b1 sc_fly_static elementor-widget elementor-widget-heading\" data-id=\"6622c0b1\" data-element_type=\"widget\" data-widget_type=\"heading.default\">\n\t\t\t\t\t<h3 class=\"elementor-heading-title elementor-size-default\">The performerr<\/h3>\t\t\t\t<\/div>\n\t\t\t\t<div class=\"elementor-element elementor-element-290a1322 sc_fly_static elementor-widget elementor-widget-text-editor\" data-id=\"290a1322\" data-element_type=\"widget\" data-widget_type=\"text-editor.default\">\n\t\t\t\t\t\t\t\t\t<p><strong>\u2022 Kroon op het Exquisite Burlesque Festival in Los Angeles:<br \/><\/strong><span style=\"font-weight: 400;\">Winnaar van \u201cmeest inspirerend\u201d.<\/span><\/p><p>\u2022 <strong>Queen van het Rome Burlesque Festival:<\/strong><br \/>Bekroond voor haar onberispelijke stijl en podiumpr\u00e9sence.<\/p><p>\u2022 <strong>Viva Las Vegas Top 10:<br \/><\/strong>Erkend als een van de top 10 burlesque-artiesten ter wereld tijdens de iconische Viva Las Vegas-competitie.<\/p><p>\u2022 <strong>De UK Tour<\/strong>:<br \/><span style=\"font-weight: 400;\">Gastoptreden als speciale artiest bij de gerenommeerde productie An Evening of Burlesque, tourend door het Verenigd Koninkrijk.<\/span><\/p><p>\u2022 <strong>Lijst van shows per land:<br \/><\/strong><span style=\"font-weight: 400;\">Malta, Kroati\u00eb, Rome, Sicili\u00eb, Montr\u00e9al, Los Angeles, Las Vegas, Long Beach, Denemarken, Stockholm, Glasgow, Edinburgh, Londen, Duitsland, Warschau, Spanje.<\/span><\/p>\t\t\t\t\t\t\t\t<\/div>\n\t\t\t\t<div data-animation-type=\"block\" class=\"elementor-element elementor-element-4f339ac elementor-widget__width-initial animation_type_block sc_fly_static elementor-invisible elementor-widget elementor-widget-text-editor\" data-id=\"4f339ac\" data-element_type=\"widget\" data-settings=\"{&quot;_animation&quot;:&quot;ta_fadeinup&quot;,&quot;_animation_delay&quot;:200}\" data-widget_type=\"text-editor.default\">\n\t\t\t\t\t\t\t\t\t<p>Empowering you to reach your fitness goals, improve strength, and enhance overall health with a tailored and effective training plan.<\/p>\t\t\t\t\t\t\t\t<\/div>\n\t\t\t\t<\/div>\n\t\t<div class=\"elementor-element elementor-element-7906db6 e-con-full e-flex sc_layouts_column_icons_position_left e-con e-child\" data-id=\"7906db6\" data-element_type=\"container\">\n\t\t\t\t<div class=\"elementor-element elementor-element-696f084 sc_fly_static elementor-widget elementor-widget-video\" data-id=\"696f084\" data-element_type=\"widget\" data-settings=\"{&quot;youtube_url&quot;:&quot;https:\\\/\\\/www.youtube.com\\\/watch?v=OLF58QIF2C0&quot;,&quot;lazy_load&quot;:&quot;yes&quot;,&quot;video_type&quot;:&quot;youtube&quot;}\" data-widget_type=\"video.default\">\n\t\t\t\t\t\t\t<div class=\"elementor-wrapper elementor-open-inline\">\n\t\t\t<div class=\"elementor-video\"><\/div>\t\t<\/div>\n\t\t\t\t\t\t<\/div>\n\t\t\t\t<\/div>\n\t\t\t\t<\/div>\n\t\t\t\t<\/div>\n\t\t<div class=\"elementor-element elementor-element-76976bda e-con-full e-flex sc_layouts_column_icons_position_left e-con e-parent\" data-id=\"76976bda\" data-element_type=\"container\" data-settings=\"{&quot;background_background&quot;:&quot;classic&quot;}\">\n\t\t\t\t<div data-animation-type=\"block\" class=\"elementor-element elementor-element-6afb852c trx-addons-animate animation_type_block sc_fly_static elementor-invisible elementor-widget elementor-widget-trx_elm_advanced_title\" data-id=\"6afb852c\" data-element_type=\"widget\" data-settings=\"{&quot;_animation&quot;:&quot;ta_fadeinup&quot;}\" data-widget_type=\"trx_elm_advanced_title.default\">\n\t\t\t\t<div class=\"elementor-widget-container\">\n\t\t\t\t\t<p class=\"trx-addons-advanced-title\" style=\"--var-trx-addons-advanced-title-highlight-animation-duration: 2000ms;\">\n<span class=\"trx-addons-advanced-title-item trx-addons-advanced-title-item-text elementor-repeater-item-90f4878\">Volg me op<\/span>\n<a href=\"https:\/\/www.instagram.com\/the.missbehave\/\" target=\"_blank\" class=\"trx-addons-advanced-title-item trx-addons-advanced-title-item-text elementor-repeater-item-534a984  trx-addons-advanced-title-item-highlighted trx-addons-advanced-title-stroke2\"><span class=\"trx-addons-advanced-title-text-wrap\"><span class=\"trx-addons-advanced-title-text\">Instagram<\/span><span class=\"trx-addons-svg-wrapper\"><svg xmlns=\"http:\/\/www.w3.org\/2000\/svg\" viewbox=\"0 0 500 150\" preserveaspectratio=\"none\"><path d='M479,122c-13.3-1-26.8-1-40.4-2.3c-31.8-1.2-63.7,0.4-95.3,0.6c-38.5,1.5-77,2.3-115.5,5.2\t\t\t\t\t\t\t\t\tc-41.6,1.2-83.3,5-124.9,5.2c-5.4,0.4-11,1-16.4,0.8c-21.9-0.4-44.1,1.9-65.6-3.5' \/><\/svg><\/span><\/span><\/a><\/p>\t\t\t\t<\/div>\n\t\t\t\t<\/div>\n\t\t<div class=\"elementor-element elementor-element-4f389b9b e-grid e-con-full sc_layouts_column_icons_position_left e-con e-child\" data-id=\"4f389b9b\" data-element_type=\"container\">\n\t\t\t\t<div data-animation-type=\"block\" class=\"elementor-element elementor-element-3fc5b000 animation_type_block sc_fly_static elementor-invisible elementor-widget elementor-widget-image\" data-id=\"3fc5b000\" data-element_type=\"widget\" data-settings=\"{&quot;_animation&quot;:&quot;ta_fadeinup&quot;}\" data-widget_type=\"image.default\">\n\t\t\t\t\t\t\t\t\t\t\t\t\t\t\t<img fetchpriority=\"high\" decoding=\"async\" width=\"378\" height=\"378\" src=\"https:\/\/themissbehave.com\/wp-content\/uploads\/2025\/12\/6.jpg\" class=\"attachment-full size-full wp-image-193\" alt=\"Miss Behave\" srcset=\"https:\/\/themissbehave.com\/wp-content\/uploads\/2025\/12\/6.jpg 378w, https:\/\/themissbehave.com\/wp-content\/uploads\/2025\/12\/6-300x300.jpg 300w, https:\/\/themissbehave.com\/wp-content\/uploads\/2025\/12\/6-150x150.jpg 150w, https:\/\/themissbehave.com\/wp-content\/uploads\/2025\/12\/6-370x370.jpg 370w, https:\/\/themissbehave.com\/wp-content\/uploads\/2025\/12\/6-90x90.jpg 90w\" sizes=\"(max-width: 767px) 100vw, 378px\" \/>\t\t\t\t\t\t\t\t\t\t\t\t\t\t\t<\/div>\n\t\t\t\t<div data-animation-type=\"block\" class=\"elementor-element elementor-element-13428685 animation_type_block sc_fly_static elementor-invisible elementor-widget elementor-widget-image\" data-id=\"13428685\" data-element_type=\"widget\" data-settings=\"{&quot;_animation&quot;:&quot;ta_fadeinup&quot;,&quot;_animation_delay&quot;:100}\" data-widget_type=\"image.default\">\n\t\t\t\t\t\t\t\t\t\t\t\t\t\t\t<img decoding=\"async\" width=\"378\" height=\"378\" src=\"https:\/\/themissbehave.com\/wp-content\/uploads\/2025\/12\/5.jpg\" class=\"attachment-full size-full wp-image-192\" alt=\"Miss Behave Workshops\" srcset=\"https:\/\/themissbehave.com\/wp-content\/uploads\/2025\/12\/5.jpg 378w, https:\/\/themissbehave.com\/wp-content\/uploads\/2025\/12\/5-300x300.jpg 300w, https:\/\/themissbehave.com\/wp-content\/uploads\/2025\/12\/5-150x150.jpg 150w, https:\/\/themissbehave.com\/wp-content\/uploads\/2025\/12\/5-370x370.jpg 370w, https:\/\/themissbehave.com\/wp-content\/uploads\/2025\/12\/5-90x90.jpg 90w\" sizes=\"(max-width: 767px) 100vw, 378px\" \/>\t\t\t\t\t\t\t\t\t\t\t\t\t\t\t<\/div>\n\t\t\t\t<div data-animation-type=\"block\" class=\"elementor-element elementor-element-5ad48d35 animation_type_block sc_fly_static elementor-invisible elementor-widget elementor-widget-image\" data-id=\"5ad48d35\" data-element_type=\"widget\" data-settings=\"{&quot;_animation&quot;:&quot;ta_fadeinup&quot;,&quot;_animation_delay&quot;:200}\" data-widget_type=\"image.default\">\n\t\t\t\t\t\t\t\t\t\t\t\t\t\t\t<img decoding=\"async\" width=\"378\" height=\"378\" src=\"https:\/\/themissbehave.com\/wp-content\/uploads\/2025\/12\/3.jpg\" class=\"attachment-full size-full wp-image-190\" alt=\"Miss Behave Shows\" srcset=\"https:\/\/themissbehave.com\/wp-content\/uploads\/2025\/12\/3.jpg 378w, https:\/\/themissbehave.com\/wp-content\/uploads\/2025\/12\/3-300x300.jpg 300w, https:\/\/themissbehave.com\/wp-content\/uploads\/2025\/12\/3-150x150.jpg 150w, https:\/\/themissbehave.com\/wp-content\/uploads\/2025\/12\/3-370x370.jpg 370w, https:\/\/themissbehave.com\/wp-content\/uploads\/2025\/12\/3-90x90.jpg 90w\" sizes=\"(max-width: 767px) 100vw, 378px\" \/>\t\t\t\t\t\t\t\t\t\t\t\t\t\t\t<\/div>\n\t\t\t\t<div data-animation-type=\"block\" class=\"elementor-element elementor-element-56f1d3dc animation_type_block sc_fly_static elementor-invisible elementor-widget elementor-widget-image\" data-id=\"56f1d3dc\" data-element_type=\"widget\" data-settings=\"{&quot;_animation&quot;:&quot;ta_fadeinup&quot;,&quot;_animation_delay&quot;:300}\" data-widget_type=\"image.default\">\n\t\t\t\t\t\t\t\t\t\t\t\t\t\t\t<img loading=\"lazy\" decoding=\"async\" width=\"378\" height=\"378\" src=\"https:\/\/themissbehave.com\/wp-content\/uploads\/2025\/12\/2.jpg\" class=\"attachment-full size-full wp-image-189\" alt=\"Miss Behave Instagram\" srcset=\"https:\/\/themissbehave.com\/wp-content\/uploads\/2025\/12\/2.jpg 378w, https:\/\/themissbehave.com\/wp-content\/uploads\/2025\/12\/2-300x300.jpg 300w, https:\/\/themissbehave.com\/wp-content\/uploads\/2025\/12\/2-150x150.jpg 150w, https:\/\/themissbehave.com\/wp-content\/uploads\/2025\/12\/2-370x370.jpg 370w, https:\/\/themissbehave.com\/wp-content\/uploads\/2025\/12\/2-90x90.jpg 90w\" sizes=\"(max-width: 767px) 100vw, 378px\" \/>\t\t\t\t\t\t\t\t\t\t\t\t\t\t\t<\/div>\n\t\t\t\t<div data-animation-type=\"block\" class=\"elementor-element elementor-element-24475a50 animation_type_block sc_fly_static elementor-invisible elementor-widget elementor-widget-image\" data-id=\"24475a50\" data-element_type=\"widget\" data-settings=\"{&quot;_animation&quot;:&quot;ta_fadeinup&quot;,&quot;_animation_delay&quot;:400}\" data-widget_type=\"image.default\">\n\t\t\t\t\t\t\t\t\t\t\t\t\t\t\t<img loading=\"lazy\" decoding=\"async\" width=\"378\" height=\"378\" src=\"https:\/\/themissbehave.com\/wp-content\/uploads\/2025\/12\/4.jpg\" class=\"attachment-full size-full wp-image-191\" alt=\"Miss Behave Workshops\" srcset=\"https:\/\/themissbehave.com\/wp-content\/uploads\/2025\/12\/4.jpg 378w, https:\/\/themissbehave.com\/wp-content\/uploads\/2025\/12\/4-300x300.jpg 300w, https:\/\/themissbehave.com\/wp-content\/uploads\/2025\/12\/4-150x150.jpg 150w, https:\/\/themissbehave.com\/wp-content\/uploads\/2025\/12\/4-370x370.jpg 370w, https:\/\/themissbehave.com\/wp-content\/uploads\/2025\/12\/4-90x90.jpg 90w\" sizes=\"(max-width: 767px) 100vw, 378px\" \/>\t\t\t\t\t\t\t\t\t\t\t\t\t\t\t<\/div>\n\t\t\t\t<div data-animation-type=\"block\" class=\"elementor-element elementor-element-4e5c076b animation_type_block sc_fly_static elementor-invisible elementor-widget elementor-widget-image\" data-id=\"4e5c076b\" data-element_type=\"widget\" data-settings=\"{&quot;_animation&quot;:&quot;ta_fadeinup&quot;,&quot;_animation_delay&quot;:500}\" data-widget_type=\"image.default\">\n\t\t\t\t\t\t\t\t\t\t\t\t\t\t\t<img loading=\"lazy\" decoding=\"async\" width=\"378\" height=\"378\" src=\"https:\/\/themissbehave.com\/wp-content\/uploads\/2025\/12\/1.jpg\" class=\"attachment-full size-full wp-image-188\" alt=\"Miss Behave\" srcset=\"https:\/\/themissbehave.com\/wp-content\/uploads\/2025\/12\/1.jpg 378w, https:\/\/themissbehave.com\/wp-content\/uploads\/2025\/12\/1-300x300.jpg 300w, https:\/\/themissbehave.com\/wp-content\/uploads\/2025\/12\/1-150x150.jpg 150w, https:\/\/themissbehave.com\/wp-content\/uploads\/2025\/12\/1-370x370.jpg 370w, https:\/\/themissbehave.com\/wp-content\/uploads\/2025\/12\/1-90x90.jpg 90w\" sizes=\"(max-width: 767px) 100vw, 378px\" \/>\t\t\t\t\t\t\t\t\t\t\t\t\t\t\t<\/div>\n\t\t\t\t<\/div>\n\t\t\t\t<\/div>\n\t\t\t\t<\/div>","protected":false},"excerpt":{"rendered":"<p>The performerr \u2022 Crown at Exquisite Burlesque festival Los Angeles:Winner of most inspiring.&hellip;<\/p>","protected":false},"author":1,"featured_media":0,"parent":0,"menu_order":0,"comment_status":"closed","ping_status":"closed","template":"","meta":{"footnotes":""},"class_list":["post-24","page","type-page","status-publish","hentry"],"yoast_head":"<!-- This site is optimized with the Yoast SEO plugin v26.6 - https:\/\/yoast.com\/wordpress\/plugins\/seo\/ -->\n<title>Miss Behave | International Burlesque Performer &amp; Body-Positive Icon<\/title>\n<meta name=\"description\" content=\"Miss Behave is an international burlesque performer, producer and body-positive icon, crowned Queen of the Rome Burlesque Festival.\" \/>\n<meta name=\"robots\" content=\"index, follow, max-snippet:-1, max-image-preview:large, max-video-preview:-1\" \/>\n<link rel=\"canonical\" href=\"https:\/\/themissbehave.com\/nl\/about\/\" \/>\n<meta property=\"og:locale\" content=\"nl_NL\" \/>\n<meta property=\"og:type\" content=\"article\" \/>\n<meta property=\"og:title\" content=\"Miss Behave | International Burlesque Performer &amp; Body-Positive Icon\" \/>\n<meta property=\"og:description\" content=\"Miss Behave is an international burlesque performer, producer and body-positive icon, crowned Queen of the Rome Burlesque Festival.\" \/>\n<meta property=\"og:url\" content=\"https:\/\/themissbehave.com\/nl\/about\/\" \/>\n<meta property=\"og:site_name\" content=\"Miss Behave - International burlesque performer\" \/>\n<meta property=\"article:modified_time\" content=\"2026-04-03T22:11:00+00:00\" \/>\n<meta property=\"og:image\" content=\"https:\/\/themissbehave.com\/wp-content\/uploads\/2025\/12\/6.jpg\" \/>\n\t<meta property=\"og:image:width\" content=\"378\" \/>\n\t<meta property=\"og:image:height\" content=\"378\" \/>\n\t<meta property=\"og:image:type\" content=\"image\/jpeg\" \/>\n<meta name=\"twitter:card\" content=\"summary_large_image\" \/>\n<meta name=\"twitter:label1\" content=\"Geschatte leestijd\" \/>\n\t<meta name=\"twitter:data1\" content=\"1 minuut\" \/>\n<script type=\"application\/ld+json\" class=\"yoast-schema-graph\">{\"@context\":\"https:\/\/schema.org\",\"@graph\":[{\"@type\":\"WebPage\",\"@id\":\"https:\/\/themissbehave.com\/about\/\",\"url\":\"https:\/\/themissbehave.com\/about\/\",\"name\":\"Miss Behave | International Burlesque Performer & Body-Positive Icon\",\"isPartOf\":{\"@id\":\"https:\/\/themissbehave.com\/#website\"},\"primaryImageOfPage\":{\"@id\":\"https:\/\/themissbehave.com\/about\/#primaryimage\"},\"image\":{\"@id\":\"https:\/\/themissbehave.com\/about\/#primaryimage\"},\"thumbnailUrl\":\"https:\/\/themissbehave.com\/wp-content\/uploads\/2025\/12\/6.jpg\",\"datePublished\":\"2025-02-22T14:34:22+00:00\",\"dateModified\":\"2026-04-03T22:11:00+00:00\",\"description\":\"Miss Behave is an international burlesque performer, producer and body-positive icon, crowned Queen of the Rome Burlesque Festival.\",\"breadcrumb\":{\"@id\":\"https:\/\/themissbehave.com\/about\/#breadcrumb\"},\"inLanguage\":\"nl-NL\",\"potentialAction\":[{\"@type\":\"ReadAction\",\"target\":[\"https:\/\/themissbehave.com\/about\/\"]}]},{\"@type\":\"ImageObject\",\"inLanguage\":\"nl-NL\",\"@id\":\"https:\/\/themissbehave.com\/about\/#primaryimage\",\"url\":\"https:\/\/themissbehave.com\/wp-content\/uploads\/2025\/12\/6.jpg\",\"contentUrl\":\"https:\/\/themissbehave.com\/wp-content\/uploads\/2025\/12\/6.jpg\"},{\"@type\":\"BreadcrumbList\",\"@id\":\"https:\/\/themissbehave.com\/about\/#breadcrumb\",\"itemListElement\":[{\"@type\":\"ListItem\",\"position\":1,\"name\":\"Home\",\"item\":\"https:\/\/themissbehave.com\/\"},{\"@type\":\"ListItem\",\"position\":2,\"name\":\"About\"}]},{\"@type\":\"WebSite\",\"@id\":\"https:\/\/themissbehave.com\/#website\",\"url\":\"https:\/\/themissbehave.com\/\",\"name\":\"Miss Behave - International burlesque performer\",\"description\":\"Miss Behave | International Burlesque Performer &amp; Body-Positive Icon\",\"publisher\":{\"@id\":\"https:\/\/themissbehave.com\/#organization\"},\"potentialAction\":[{\"@type\":\"SearchAction\",\"target\":{\"@type\":\"EntryPoint\",\"urlTemplate\":\"https:\/\/themissbehave.com\/?s={search_term_string}\"},\"query-input\":{\"@type\":\"PropertyValueSpecification\",\"valueRequired\":true,\"valueName\":\"search_term_string\"}}],\"inLanguage\":\"nl-NL\"},{\"@type\":\"Organization\",\"@id\":\"https:\/\/themissbehave.com\/#organization\",\"name\":\"Miss Behave - International burlesque performer\",\"url\":\"https:\/\/themissbehave.com\/\",\"logo\":{\"@type\":\"ImageObject\",\"inLanguage\":\"nl-NL\",\"@id\":\"https:\/\/themissbehave.com\/#\/schema\/logo\/image\/\",\"url\":\"https:\/\/themissbehave.com\/wp-content\/uploads\/2025\/12\/missbehave-logo-color.png\",\"contentUrl\":\"https:\/\/themissbehave.com\/wp-content\/uploads\/2025\/12\/missbehave-logo-color.png\",\"width\":294,\"height\":54,\"caption\":\"Miss Behave - International burlesque performer\"},\"image\":{\"@id\":\"https:\/\/themissbehave.com\/#\/schema\/logo\/image\/\"}}]}<\/script>\n<!-- \/ Yoast SEO plugin. -->","yoast_head_json":{"title":"Miss Behave | International Burlesque Performer & Body-Positive Icon","description":"Miss Behave is an international burlesque performer, producer and body-positive icon, crowned Queen of the Rome Burlesque Festival.","robots":{"index":"index","follow":"follow","max-snippet":"max-snippet:-1","max-image-preview":"max-image-preview:large","max-video-preview":"max-video-preview:-1"},"canonical":"https:\/\/themissbehave.com\/nl\/about\/","og_locale":"nl_NL","og_type":"article","og_title":"Miss Behave | International Burlesque Performer & Body-Positive Icon","og_description":"Miss Behave is an international burlesque performer, producer and body-positive icon, crowned Queen of the Rome Burlesque Festival.","og_url":"https:\/\/themissbehave.com\/nl\/about\/","og_site_name":"Miss Behave - International burlesque performer","article_modified_time":"2026-04-03T22:11:00+00:00","og_image":[{"width":378,"height":378,"url":"https:\/\/themissbehave.com\/wp-content\/uploads\/2025\/12\/6.jpg","type":"image\/jpeg"}],"twitter_card":"summary_large_image","twitter_misc":{"Geschatte leestijd":"1 minuut"},"schema":{"@context":"https:\/\/schema.org","@graph":[{"@type":"WebPage","@id":"https:\/\/themissbehave.com\/about\/","url":"https:\/\/themissbehave.com\/about\/","name":"Miss Behave | International Burlesque Performer & Body-Positive Icon","isPartOf":{"@id":"https:\/\/themissbehave.com\/#website"},"primaryImageOfPage":{"@id":"https:\/\/themissbehave.com\/about\/#primaryimage"},"image":{"@id":"https:\/\/themissbehave.com\/about\/#primaryimage"},"thumbnailUrl":"https:\/\/themissbehave.com\/wp-content\/uploads\/2025\/12\/6.jpg","datePublished":"2025-02-22T14:34:22+00:00","dateModified":"2026-04-03T22:11:00+00:00","description":"Miss Behave is an international burlesque performer, producer and body-positive icon, crowned Queen of the Rome Burlesque Festival.","breadcrumb":{"@id":"https:\/\/themissbehave.com\/about\/#breadcrumb"},"inLanguage":"nl-NL","potentialAction":[{"@type":"ReadAction","target":["https:\/\/themissbehave.com\/about\/"]}]},{"@type":"ImageObject","inLanguage":"nl-NL","@id":"https:\/\/themissbehave.com\/about\/#primaryimage","url":"https:\/\/themissbehave.com\/wp-content\/uploads\/2025\/12\/6.jpg","contentUrl":"https:\/\/themissbehave.com\/wp-content\/uploads\/2025\/12\/6.jpg"},{"@type":"BreadcrumbList","@id":"https:\/\/themissbehave.com\/about\/#breadcrumb","itemListElement":[{"@type":"ListItem","position":1,"name":"Home","item":"https:\/\/themissbehave.com\/"},{"@type":"ListItem","position":2,"name":"About"}]},{"@type":"WebSite","@id":"https:\/\/themissbehave.com\/#website","url":"https:\/\/themissbehave.com\/","name":"Miss Behave - International burlesque performer","description":"Miss Behave | International Burlesque Performer &amp; Body-Positive Icon","publisher":{"@id":"https:\/\/themissbehave.com\/#organization"},"potentialAction":[{"@type":"SearchAction","target":{"@type":"EntryPoint","urlTemplate":"https:\/\/themissbehave.com\/?s={search_term_string}"},"query-input":{"@type":"PropertyValueSpecification","valueRequired":true,"valueName":"search_term_string"}}],"inLanguage":"nl-NL"},{"@type":"Organization","@id":"https:\/\/themissbehave.com\/#organization","name":"Miss Behave - International burlesque performer","url":"https:\/\/themissbehave.com\/","logo":{"@type":"ImageObject","inLanguage":"nl-NL","@id":"https:\/\/themissbehave.com\/#\/schema\/logo\/image\/","url":"https:\/\/themissbehave.com\/wp-content\/uploads\/2025\/12\/missbehave-logo-color.png","contentUrl":"https:\/\/themissbehave.com\/wp-content\/uploads\/2025\/12\/missbehave-logo-color.png","width":294,"height":54,"caption":"Miss Behave - International burlesque performer"},"image":{"@id":"https:\/\/themissbehave.com\/#\/schema\/logo\/image\/"}}]}},"_links":{"self":[{"href":"https:\/\/themissbehave.com\/nl\/wp-json\/wp\/v2\/pages\/24","targetHints":{"allow":["GET"]}}],"collection":[{"href":"https:\/\/themissbehave.com\/nl\/wp-json\/wp\/v2\/pages"}],"about":[{"href":"https:\/\/themissbehave.com\/nl\/wp-json\/wp\/v2\/types\/page"}],"author":[{"embeddable":true,"href":"https:\/\/themissbehave.com\/nl\/wp-json\/wp\/v2\/users\/1"}],"replies":[{"embeddable":true,"href":"https:\/\/themissbehave.com\/nl\/wp-json\/wp\/v2\/comments?post=24"}],"version-history":[{"count":46,"href":"https:\/\/themissbehave.com\/nl\/wp-json\/wp\/v2\/pages\/24\/revisions"}],"predecessor-version":[{"id":761,"href":"https:\/\/themissbehave.com\/nl\/wp-json\/wp\/v2\/pages\/24\/revisions\/761"}],"wp:attachment":[{"href":"https:\/\/themissbehave.com\/nl\/wp-json\/wp\/v2\/media?parent=24"}],"curies":[{"name":"wp","href":"https:\/\/api.w.org\/{rel}","templated":true}]}}